{"id":28,"date":"2024-11-07T18:26:06","date_gmt":"2024-11-07T18:26:06","guid":{"rendered":"https:\/\/pascalbaertsch.ch\/?page_id=28"},"modified":"2024-11-30T09:12:30","modified_gmt":"2024-11-30T09:12:30","slug":"ueber-mich","status":"publish","type":"page","link":"https:\/\/pascalbaertsch.ch\/?page_id=28","title":{"rendered":"\u00dcber Mich &amp; Kontakt"},"content":{"rendered":"\n<p>\u201eIch bin Pascal B\u00e4rtsch, lebe in Lostorf und arbeite als Musiktherapeut und Musiker. Meine Leidenschaft f\u00fcr elektronische Musik und Modular Synthesizer begleitet mich schon lange. Als Synthibaer erschaffe ich live improvisierte Techno-Sounds, die den Moment mit Klangwellen ausf\u00fcllen.\u201c<\/p>\n\n\n\n<figure class=\"wp-block-image\"><img loading=\"lazy\" decoding=\"async\" width=\"216\" height=\"348\" src=\"https:\/\/pascalbaertsch.ch\/wp-content\/uploads\/2024\/11\/PNG-Bild-3.png\" alt=\"\" class=\"wp-image-10\" srcset=\"https:\/\/pascalbaertsch.ch\/wp-content\/uploads\/2024\/11\/PNG-Bild-3.png 216w, https:\/\/pascalbaertsch.ch\/wp-content\/uploads\/2024\/11\/PNG-Bild-3-186x300.png 186w\" sizes=\"auto, (max-width: 216px) 100vw, 216px\" \/><\/figure>\n\n\n\n<h2 class=\"wp-block-heading\"><strong>Musikalischer Ansatz Synthibaer<\/strong><\/h2>\n\n\n\n<p>\u201eMein Setup besteht aus modularen Synthesizern (3U Synths, viel Doepfer) in gro\u00dfen Koffern, gemixt mit Liveloops und akustischen Instrumenten. Der Sound ist ein musikalischer Chemiebaukasten \u2013 immer frisch gebacken und niemals reproduzierbar.\u201c<\/p>\n\n\n\n<h2 class=\"wp-block-heading\"><strong>Promotext &amp; Kurzbeschreibung<\/strong><\/h2>\n\n\n\n<p>\u201eSynthibaer kombiniert analoge Modular Synths mit akustischen Instrumenten, um live improvisierte Techno-Kl\u00e4nge zu erzeugen, die st\u00e4ndig neu entstehen und den Moment einfangen.\u201c<br>\u201eLive Techno Sounds aus einer anderen Welt. Synthibaer \u00fcberschreitet die Grenzen des Allt\u00e4glichen und l\u00e4sst die Sterne zum Greifen nah erscheinen.\u201c<br><strong>Tags<\/strong>: Modular Synthesizer, Live Improvisation, Techno Sounds<\/p>\n\n\n\n<h2 class=\"wp-block-heading\"><strong>Kontakt-Infos<\/strong><\/h2>\n\n\n\n<p>Interessiert an einem Auftritt? Schreib mir eine Nachricht oder schick eine Buchungsanfrage, um mehr \u00fcber meine Projekte zu erfahren.<\/p>\n\n\n\n<p>Pascal B\u00e4rtsch<br>Hangstrasse 12<br>4654 Lostorf, Schweiz<br><strong>Telefon<\/strong>: +41 79 763 12 84<br><strong>E-Mail<\/strong>: <a href=\"mailto:synthibaer@gmx.ch\">synthibaer@gmx.ch<\/a>&nbsp;&nbsp;<\/p>\n\n\n\n<p><\/p>\n","protected":false},"excerpt":{"rendered":"<p>\u201eIch bin Pascal B\u00e4rtsch, lebe in Lostorf und arbeite als Musiktherapeut und Musiker. Meine Leidenschaft f\u00fcr elektronische Musik und Modular [&hellip;]<\/p>\n","protected":false},"author":1,"featured_media":0,"parent":0,"menu_order":0,"comment_status":"closed","ping_status":"closed","template":"","meta":{"site-sidebar-layout":"default","site-content-layout":"","ast-site-content-layout":"default","site-content-style":"default","site-sidebar-style":"default","ast-global-header-display":"","ast-banner-title-visibility":"","ast-main-header-display":"","ast-hfb-above-header-display":"","ast-hfb-below-header-display":"","ast-hfb-mobile-header-display":"","site-post-title":"","ast-breadcrumbs-content":"","ast-featured-img":"","footer-sml-layout":"","ast-disable-related-posts":"","theme-transparent-header-meta":"","adv-header-id-meta":"","stick-header-meta":"","header-above-stick-meta":"","header-main-stick-meta":"","header-below-stick-meta":"","astra-migrate-meta-layouts":"default","ast-page-background-enabled":"default","ast-page-background-meta":{"desktop":{"background-color":"var(--ast-global-color-4)","background-image":"","background-repeat":"repeat","background-position":"center center","background-size":"auto","background-attachment":"scroll","background-type":"","background-media":"","overlay-type":"","overlay-color":"","overlay-opacity":"","overlay-gradient":""},"tablet":{"background-color":"","background-image":"","background-repeat":"repeat","background-position":"center center","background-size":"auto","background-attachment":"scroll","background-type":"","background-media":"","overlay-type":"","overlay-color":"","overlay-opacity":"","overlay-gradient":""},"mobile":{"background-color":"","background-image":"","background-repeat":"repeat","background-position":"center center","background-size":"auto","background-attachment":"scroll","background-type":"","background-media":"","overlay-type":"","overlay-color":"","overlay-opacity":"","overlay-gradient":""}},"ast-content-background-meta":{"desktop":{"background-color":"var(--ast-global-color-5)","background-image":"","background-repeat":"repeat","background-position":"center center","background-size":"auto","background-attachment":"scroll","background-type":"","background-media":"","overlay-type":"","overlay-color":"","overlay-opacity":"","overlay-gradient":""},"tablet":{"background-color":"var(--ast-global-color-5)","background-image":"","background-repeat":"repeat","background-position":"center center","background-size":"auto","background-attachment":"scroll","background-type":"","background-media":"","overlay-type":"","overlay-color":"","overlay-opacity":"","overlay-gradient":""},"mobile":{"background-color":"var(--ast-global-color-5)","background-image":"","background-repeat":"repeat","background-position":"center center","background-size":"auto","background-attachment":"scroll","background-type":"","background-media":"","overlay-type":"","overlay-color":"","overlay-opacity":"","overlay-gradient":""}},"footnotes":""},"class_list":["post-28","page","type-page","status-publish","hentry"],"_links":{"self":[{"href":"https:\/\/pascalbaertsch.ch\/index.php?rest_route=\/wp\/v2\/pages\/28","targetHints":{"allow":["GET"]}}],"collection":[{"href":"https:\/\/pascalbaertsch.ch\/index.php?rest_route=\/wp\/v2\/pages"}],"about":[{"href":"https:\/\/pascalbaertsch.ch\/index.php?rest_route=\/wp\/v2\/types\/page"}],"author":[{"embeddable":true,"href":"https:\/\/pascalbaertsch.ch\/index.php?rest_route=\/wp\/v2\/users\/1"}],"replies":[{"embeddable":true,"href":"https:\/\/pascalbaertsch.ch\/index.php?rest_route=%2Fwp%2Fv2%2Fcomments&post=28"}],"version-history":[{"count":14,"href":"https:\/\/pascalbaertsch.ch\/index.php?rest_route=\/wp\/v2\/pages\/28\/revisions"}],"predecessor-version":[{"id":263,"href":"https:\/\/pascalbaertsch.ch\/index.php?rest_route=\/wp\/v2\/pages\/28\/revisions\/263"}],"wp:attachment":[{"href":"https:\/\/pascalbaertsch.ch\/index.php?rest_route=%2Fwp%2Fv2%2Fmedia&parent=28"}],"curies":[{"name":"wp","href":"https:\/\/api.w.org\/{rel}","templated":true}]}}