{"id":30,"date":"2024-11-07T18:26:50","date_gmt":"2024-11-07T18:26:50","guid":{"rendered":"https:\/\/pascalbaertsch.ch\/?page_id=30"},"modified":"2024-11-30T09:11:14","modified_gmt":"2024-11-30T09:11:14","slug":"musikprojekte","status":"publish","type":"page","link":"https:\/\/pascalbaertsch.ch\/","title":{"rendered":"Musikprojekte"},"content":{"rendered":"\n<p>\u201eWillkommen auf der offiziellen Website von Synthibaer! Pascal B\u00e4rtsch \u2013 Live-Techno-K\u00fcnstler und Meister der modularen Synthesizer. Hier findest du Informationen zu meinen aktuellen musikalischen Aktivit\u00e4ten, darunter meine Arbeit als Synthibaer und meine Rolle in der Band Deserto Parallax.<\/p>\n\n\n\n<h2 class=\"wp-block-heading\"><strong>Synthibaer<\/strong><\/h2>\n\n\n\n<p><strong><br>Modular Synthesizer Live Improvisation<\/strong><\/p>\n\n\n\n<figure class=\"wp-block-image is-resized\"><img loading=\"lazy\" decoding=\"async\" width=\"1200\" height=\"1600\" src=\"https:\/\/pascalbaertsch.ch\/wp-content\/uploads\/2024\/11\/be301a06-c646-4f66-8dc0-baa024c305e3.jpg\" alt=\"\" class=\"wp-image-8\" style=\"width:186px;height:auto\" srcset=\"https:\/\/pascalbaertsch.ch\/wp-content\/uploads\/2024\/11\/be301a06-c646-4f66-8dc0-baa024c305e3.jpg 1200w, https:\/\/pascalbaertsch.ch\/wp-content\/uploads\/2024\/11\/be301a06-c646-4f66-8dc0-baa024c305e3-225x300.jpg 225w, https:\/\/pascalbaertsch.ch\/wp-content\/uploads\/2024\/11\/be301a06-c646-4f66-8dc0-baa024c305e3-768x1024.jpg 768w, https:\/\/pascalbaertsch.ch\/wp-content\/uploads\/2024\/11\/be301a06-c646-4f66-8dc0-baa024c305e3-1152x1536.jpg 1152w\" sizes=\"auto, (max-width: 1200px) 100vw, 1200px\" \/><\/figure>\n\n\n\n<p>Als Synthibaer widme ich mich der Welt der elektronischen Musik, wobei ich Klangr\u00e4ume schaffe, die das Publikum in eine ferne, kosmische Dimension entf\u00fchren. Mit modularen Synthesizern entsteht bei jeder Live-Performance ein einmaliges Erlebnis. Die Musik ist stets improvisiert und l\u00e4sst Momente voller \u00dcberraschungen und Tiefe entstehen.<\/p>\n\n\n\n<figure class=\"wp-block-image is-resized\"><img loading=\"lazy\" decoding=\"async\" width=\"657\" height=\"657\" src=\"https:\/\/pascalbaertsch.ch\/wp-content\/uploads\/2024\/11\/PNG-Bild.png\" alt=\"\" class=\"wp-image-4\" style=\"width:225px;height:auto\" srcset=\"https:\/\/pascalbaertsch.ch\/wp-content\/uploads\/2024\/11\/PNG-Bild.png 657w, https:\/\/pascalbaertsch.ch\/wp-content\/uploads\/2024\/11\/PNG-Bild-300x300.png 300w, https:\/\/pascalbaertsch.ch\/wp-content\/uploads\/2024\/11\/PNG-Bild-150x150.png 150w\" sizes=\"auto, (max-width: 657px) 100vw, 657px\" \/><\/figure>\n\n\n\n<p>\u201eLive Techno Sounds aus einer anderen Welt. Synthibaer \u00fcberschreitet die Grenzen des Allt\u00e4glichen und l\u00e4sst die Sterne zum Greifen nah erscheinen.\u201c<\/p>\n\n\n\n<p>\u2022 <strong>Tags<\/strong>: Modular Synthesizer, Live Improvisation, Techno Sounds<\/p>\n\n\n\n<p>\u2022 <strong>SoundCloud<\/strong>: <a href=\"https:\/\/soundcloud.com\/synthibaer\">Synthibaer h\u00f6ren<\/a><\/p>\n\n\n\n<p><\/p>\n\n\n\n<p><\/p>\n\n\n\n<h2 class=\"wp-block-heading\"><strong>Deserto Parallax<\/strong><\/h2>\n\n\n\n<p><strong>Music Noir<\/strong><\/p>\n\n\n\n<figure class=\"wp-block-image is-resized\"><img loading=\"lazy\" decoding=\"async\" width=\"474\" height=\"316\" src=\"https:\/\/pascalbaertsch.ch\/wp-content\/uploads\/2024\/11\/IMG_0067.jpeg\" alt=\"\" class=\"wp-image-73\" style=\"width:309px;height:auto\" srcset=\"https:\/\/pascalbaertsch.ch\/wp-content\/uploads\/2024\/11\/IMG_0067.jpeg 474w, https:\/\/pascalbaertsch.ch\/wp-content\/uploads\/2024\/11\/IMG_0067-300x200.jpeg 300w\" sizes=\"auto, (max-width: 474px) 100vw, 474px\" \/><\/figure>\n\n\n\n<p>In der Band <em>Deserto Parallax<\/em> bin ich als Kontrabassist aktiv. Die Band kombiniert cineastische, dunkle Kl\u00e4nge mit Elementen aus Folk Noir und elektronischer Musik. Unsere Live-Auftritte sind intensiv und dynamisch \u2013 eine musikalische Reise voller Atmosph\u00e4re und Spannung. Die Geschichten und Klanglandschaften, die wir erschaffen, entf\u00fchren das Publikum in ein anderes Universum.<\/p>\n\n\n\n<p>\u2022 <strong>Genres<\/strong>: Music Noir, Dark Ambient, Folk Noir<\/p>\n\n\n\n<p>\u2022 <strong>Besetzung<\/strong>: Kontrabass, Gitarre, Klavier, Schlagzeug, Gesang<\/p>\n\n\n\n<p>\u2022 <strong>Live-Erfahrung<\/strong>: St\u00e4ndige Improvisation und Interaktion, jedes Konzert ist ein neues Erlebnis<\/p>\n\n\n\n<h2 class=\"wp-block-heading\"><strong>Buchung und Kontakt<\/strong><\/h2>\n\n\n\n<p>Interessiert an einem Auftritt? Schreib mir eine Nachricht oder schick eine Buchungsanfrage, um mehr \u00fcber meine Projekte zu erfahren.<\/p>\n\n\n\n<p><a href=\"mailto:synthibaer@gmx.ch\">synthibaer@gmx.ch<\/a><\/p>\n","protected":false},"excerpt":{"rendered":"<p>\u201eWillkommen auf der offiziellen Website von Synthibaer! Pascal B\u00e4rtsch \u2013 Live-Techno-K\u00fcnstler und Meister der modularen Synthesizer. Hier findest du Informationen [&hellip;]<\/p>\n","protected":false},"author":1,"featured_media":0,"parent":0,"menu_order":0,"comment_status":"closed","ping_status":"closed","template":"","meta":{"site-sidebar-layout":"default","site-content-layout":"","ast-site-content-layout":"default","site-content-style":"default","site-sidebar-style":"default","ast-global-header-display":"","ast-banner-title-visibility":"","ast-main-header-display":"","ast-hfb-above-header-display":"","ast-hfb-below-header-display":"","ast-hfb-mobile-header-display":"","site-post-title":"","ast-breadcrumbs-content":"","ast-featured-img":"","footer-sml-layout":"","ast-disable-related-posts":"","theme-transparent-header-meta":"","adv-header-id-meta":"","stick-header-meta":"","header-above-stick-meta":"","header-main-stick-meta":"","header-below-stick-meta":"","astra-migrate-meta-layouts":"default","ast-page-background-enabled":"default","ast-page-background-meta":{"desktop":{"background-color":"var(--ast-global-color-4)","background-image":"","background-repeat":"repeat","background-position":"center center","background-size":"auto","background-attachment":"scroll","background-type":"","background-media":"","overlay-type":"","overlay-color":"","overlay-opacity":"","overlay-gradient":""},"tablet":{"background-color":"","background-image":"","background-repeat":"repeat","background-position":"center center","background-size":"auto","background-attachment":"scroll","background-type":"","background-media":"","overlay-type":"","overlay-color":"","overlay-opacity":"","overlay-gradient":""},"mobile":{"background-color":"","background-image":"","background-repeat":"repeat","background-position":"center center","background-size":"auto","background-attachment":"scroll","background-type":"","background-media":"","overlay-type":"","overlay-color":"","overlay-opacity":"","overlay-gradient":""}},"ast-content-background-meta":{"desktop":{"background-color":"var(--ast-global-color-5)","background-image":"","background-repeat":"repeat","background-position":"center center","background-size":"auto","background-attachment":"scroll","background-type":"","background-media":"","overlay-type":"","overlay-color":"","overlay-opacity":"","overlay-gradient":""},"tablet":{"background-color":"var(--ast-global-color-5)","background-image":"","background-repeat":"repeat","background-position":"center center","background-size":"auto","background-attachment":"scroll","background-type":"","background-media":"","overlay-type":"","overlay-color":"","overlay-opacity":"","overlay-gradient":""},"mobile":{"background-color":"var(--ast-global-color-5)","background-image":"","background-repeat":"repeat","background-position":"center center","background-size":"auto","background-attachment":"scroll","background-type":"","background-media":"","overlay-type":"","overlay-color":"","overlay-opacity":"","overlay-gradient":""}},"footnotes":""},"class_list":["post-30","page","type-page","status-publish","hentry"],"_links":{"self":[{"href":"https:\/\/pascalbaertsch.ch\/index.php?rest_route=\/wp\/v2\/pages\/30","targetHints":{"allow":["GET"]}}],"collection":[{"href":"https:\/\/pascalbaertsch.ch\/index.php?rest_route=\/wp\/v2\/pages"}],"about":[{"href":"https:\/\/pascalbaertsch.ch\/index.php?rest_route=\/wp\/v2\/types\/page"}],"author":[{"embeddable":true,"href":"https:\/\/pascalbaertsch.ch\/index.php?rest_route=\/wp\/v2\/users\/1"}],"replies":[{"embeddable":true,"href":"https:\/\/pascalbaertsch.ch\/index.php?rest_route=%2Fwp%2Fv2%2Fcomments&post=30"}],"version-history":[{"count":19,"href":"https:\/\/pascalbaertsch.ch\/index.php?rest_route=\/wp\/v2\/pages\/30\/revisions"}],"predecessor-version":[{"id":262,"href":"https:\/\/pascalbaertsch.ch\/index.php?rest_route=\/wp\/v2\/pages\/30\/revisions\/262"}],"wp:attachment":[{"href":"https:\/\/pascalbaertsch.ch\/index.php?rest_route=%2Fwp%2Fv2%2Fmedia&parent=30"}],"curies":[{"name":"wp","href":"https:\/\/api.w.org\/{rel}","templated":true}]}}